{"id":8,"date":"2017-07-23T07:36:08","date_gmt":"2017-07-23T07:36:08","guid":{"rendered":"http:\/\/caro-ct.ro\/?page_id=8"},"modified":"2017-11-10T18:59:06","modified_gmt":"2017-11-10T18:59:06","slug":"legal","status":"publish","type":"page","link":"https:\/\/caro-ct.ro\/?page_id=8","title":{"rendered":"DOCUMENTE LEGALE"},"content":{"rendered":"<div><span style=\"color: #000000; font-family: arial, helvetica, sans-serif;\">Documentele legale ale Comunit\u0103\u0163ii Arm\u00e2ne-Filiala Constan\u0163a<\/span><\/div>\n<div><span style=\"color: #000000;\">\u00a0<\/span><\/div>\n<div><span style=\"color: #000000; font-family: arial, helvetica, sans-serif;\">VREAREA \u00a0ARM\u00c2NJLORU \u00a0 &#8211;<a href=\"https:\/\/caro-ct.ro\/wp-content\/uploads\/2017\/08\/Vrearea-Armanjlor-RomArom.pdf\" target=\"_blank\" rel=\"noopener\">descarca<\/a><\/span><\/div>\n<div><span style=\"color: #000000;\">\u00a0<\/span><\/div>\n<div><span style=\"color: #000000;\">VREAREA \u00a0ARM\u00c2NJLORU \u00a0ENGLEZA &#8211;\u00a0<a href=\"https:\/\/caro-ct.ro\/wp-content\/uploads\/2017\/08\/VREAREA-A-ARM\u00c2NJLORU-ENGLEZA.pdf\" target=\"_blank\" rel=\"noopener\">descarca<\/a><\/span><\/div>\n<div><span style=\"color: #000000;\">\u00a0<\/span><\/div>\n<div><span style=\"color: #000000;\">RECOMADAREA \u00a01333 &#8211; <a href=\"https:\/\/caro-ct.ro\/wp-content\/uploads\/2017\/08\/Recomandare-1333.pdf\" target=\"_blank\" rel=\"noopener\">descarca<\/a><\/span><\/div>\n<div><span style=\"color: #000000;\">\u00a0<\/span><\/div>\n","protected":false},"excerpt":{"rendered":"<p>Documentele legale ale Comunit\u0103\u0163ii Arm\u00e2ne-Filiala Constan\u0163a \u00a0 VREAREA \u00a0ARM\u00c2NJLORU \u00a0 &#8211;descarca \u00a0 VREAREA \u00a0ARM\u00c2NJLORU \u00a0ENGLEZA &#8211;\u00a0descarca \u00a0 RECOMADAREA \u00a01333 &#8211; descarca \u00a0<\/p>\n","protected":false},"author":1,"featured_media":88,"parent":0,"menu_order":2,"comment_status":"closed","ping_status":"closed","template":"","meta":{"footnotes":""},"_links":{"self":[{"href":"https:\/\/caro-ct.ro\/index.php?rest_route=\/wp\/v2\/pages\/8"}],"collection":[{"href":"https:\/\/caro-ct.ro\/index.php?rest_route=\/wp\/v2\/pages"}],"about":[{"href":"https:\/\/caro-ct.ro\/index.php?rest_route=\/wp\/v2\/types\/page"}],"author":[{"embeddable":true,"href":"https:\/\/caro-ct.ro\/index.php?rest_route=\/wp\/v2\/users\/1"}],"replies":[{"embeddable":true,"href":"https:\/\/caro-ct.ro\/index.php?rest_route=%2Fwp%2Fv2%2Fcomments&post=8"}],"version-history":[{"count":16,"href":"https:\/\/caro-ct.ro\/index.php?rest_route=\/wp\/v2\/pages\/8\/revisions"}],"predecessor-version":[{"id":222,"href":"https:\/\/caro-ct.ro\/index.php?rest_route=\/wp\/v2\/pages\/8\/revisions\/222"}],"wp:featuredmedia":[{"embeddable":true,"href":"https:\/\/caro-ct.ro\/index.php?rest_route=\/wp\/v2\/media\/88"}],"wp:attachment":[{"href":"https:\/\/caro-ct.ro\/index.php?rest_route=%2Fwp%2Fv2%2Fmedia&parent=8"}],"curies":[{"name":"wp","href":"https:\/\/api.w.org\/{rel}","templated":true}]}}