{"id":7,"date":"2017-07-23T07:36:08","date_gmt":"2017-07-23T07:36:08","guid":{"rendered":"http:\/\/caro-ct.ro\/?page_id=7"},"modified":"2017-11-10T19:02:48","modified_gmt":"2017-11-10T19:02:48","slug":"prima-pagina","status":"publish","type":"page","link":"https:\/\/caro-ct.ro\/","title":{"rendered":"DESPRE NOI"},"content":{"rendered":"<blockquote>\n<div><span style=\"font-family: arial, helvetica, sans-serif; color: #ffff00; background-color: #ffffff;\"><span style=\"font-size: 12pt; background-color: #ffffff;\">\u00a0 \u00a0 \u00a0 <span style=\"color: #000000;\">Bine ai venit pe siteul Comunit\u0103\u0163ii Arm\u00e2ne din Romania &#8211; Filiala Constan\u0163a<\/span><\/span><\/span><\/div>\n<\/blockquote>\n<div><span style=\"background-color: #ffffff; color: #000000;\">\u00a0<\/span><\/div>\n<div><span style=\"font-family: arial, helvetica, sans-serif; color: #000000; background-color: #ffffff;\"><strong>\u00a0 \u00a0 \u00a0 Comunitatea Arm\u00e2n\u0103 din Rom\u00e2nia<\/strong> este o asocia\u0163ie \u00eenfiin\u0163at\u0103 \u00een 1991, f\u0103r\u0103 scop patrimonial, f\u0103r\u0103 caracter politic, care \u00ee\u015fi propune s\u0103 contribuie la dezvoltarea \u015fi cultivarea limbii, a tradi\u0163iilor specifice \u015fi a culturii arm\u00e2nilor, s\u0103 sprijine contactele socio-umane \u015fi leg\u0103turile culturale ale membrilor s\u0103i, p\u0103strarea unit\u0103\u0163ii lor spirituale.<strong>Comunitatea<\/strong> este constituit\u00e3 ca asocia\u0163ie, persoan\u00e3 juridic\u00e3 rom\u00e2n\u00e3 de drept privat, cu personalitate juridic\u00e3, f\u00e3r\u00e3 scop patrimonial, neguvernamental\u00e3.Comunitatea are ca scop principal p\u00e3strarea \u015fi dezvoltarea limbii, tradi\u0163iilor \u015fi a \u00eentregului specific spiritual \u015fi cultural arm\u00e2n, \u00een Rom\u00e2nia \u015fi pe \u00eentregul spa\u0163iu originar locuit de arm\u00e2ni, c\u00e2t \u015fi \u00eenlesnirea contactelor \u015fi leg\u00e3turilor \u00eentre arm\u00e2nii ce tr\u00e3iesc \u00een comunit\u00e3\u0163i distincte \u00een Peninsula Balcanic\u00e3 precum \u015fi cu alte comunit\u00e3\u0163i arm\u00e2ne constituite \u00een alte state.Asocia\u0163ia noastr\u0103 num\u0103r\u0103 peste 10.000 de membri, dar ac\u0163iunile noastre se adreseaz\u0103 \u015fi sunt reprezentative \u00eentregii comunitati arm\u00e2ne. Suntem organiza\u0163i \u00een mai multe filiale: Bucure\u015fti, Constan\u0163a, Tulcea, C\u0103l\u0103ra\u015fi, Slobozia, Timisoara. Constan\u0163a are mai multe subfiliale la: Mihail Kog\u0103lniceanu, Ovidiu, Medgidia, Cogealac.Datorit\u0103 unor condi\u0163ii istorice nefaste, cultura \u015fi limba arm\u00e2n\u0103 s-au aflat mereu sub amenin\u0163area dispari\u0163iei \u015fi absorbirea acestora de c\u0103tre statele \u00een care arm\u00e2nii au tr\u0103it de-a lungul timpului. Ast\u0103zi universul spiritual al arm\u00e2nilor se g\u0103se\u015fte \u00eentr-o mare cump\u0103n\u0103. Ori r\u0103m\u00e2nem in expectativ\u0103, asist\u00e2nd la procesul s\u0103u de asimilare accentuat\u0103, \u015fi prin urmare pierderea complet\u0103 a identit\u0103\u0163ii noastre, ori vom \u00eentreprinde o seam\u0103 de ac\u0163iuni socio-culturale ce vor conduce spre o rena\u015ftere spiritual\u0103 a arm\u00e2nilor.Ac\u0163iunile Comunit\u00e3\u0163ii Arm\u00e2ne, filiala Constan\u0163a, sunt numeroase \u015fi bine \u00eenr\u00e3d\u00e3cinate \u00een realit\u00e3\u0163ile arm\u00e2ne.P\u00e2n\u00e3 in prezent membrii Comunit\u00e3tii Arm\u00e2ne au organizat anual evenimente culturale la care au luat parte numero\u015fi membri ai comunit\u00e3\u0163ii c\u00e2t \u015fi ceilal\u0163i arm\u00e2ni. Dintre aceste evenimente enumer\u00e3m: \u00a0<strong>Ziua National\u00e3 a Arm\u00e2nilor,<\/strong>\u00a0<strong>Zilele Culturii Arm\u00e3ne\u015fti,\u00a0<\/strong><strong>Concertul \u201ePrimuveara \u00a0Arm\u00e3njloru\u201d<\/strong><\/span><\/div>\n<div><span style=\"background-color: #ffffff; color: #000000;\">\u00a0<\/span><\/div>\n<div><span style=\"font-family: arial, helvetica, sans-serif; color: #000000; background-color: #ffffff;\">\u00a0\u00a0\u00a0\u00a0\u00a0\u00a0\u00a0\u00a0\u00a0\u00a0\u00a0 O alt\u0103 ac\u0163iune de amploare a Comunit\u0103\u0163ii Arm\u00e2ne filiala Constan\u0163a este dotarea cabinetelor de arm\u00e2n\u0103 din institu\u0163iile de \u00eenv\u0103\u0163\u0103m\u00e2nt unde se \u0163ine cursul op\u0163ional \u201c<strong>Cultur\u0103 \u015fi tradi\u0163ii arm\u00e2ne<\/strong>\u201d. Acest curs\u00a0este frecventat de circa 500 de copii \u015fi se desf\u00e3\u015foar\u00e3 \u00een urm\u0103toarele institu\u0163ii de \u00eenv\u0103\u0163\u0103m\u00e2nt din jude\u0163ul Constan\u0163a: Scoala nr. 39, Scoala nr. 7, Scoala nr. 10, Scoala nr. 12, Scoala nr. 23, Scoala nr. 30, liceul Mihail Kog\u0103lniceanu, Scoala General\u00e3 Cogealac, Scoala nr. 30. Totodat\u00e3 Comunitatea Arm\u00e2n\u00e3 organizeaz\u00e3 anual, cu ocazia s\u00e3rb\u00e3torilor de iarn\u00e3 la sala de festivit\u00e3\u0163i a Colegiului Regina Maria un spectacol pentru toti copiii arm\u00e2ni ce frecventeaz\u00e3 cursul mentionat mai sus.\u00a0La finalul fiec\u00e3rui an \u015fcolar se desf\u00e3\u015foar\u00e3 \u015fi \u201eOlimpiada Ficiuritsilor arm\u00e2ni\u201d,.Toate aceste ac\u0163iuni amintite mai sus s-au <strong>realizat exclusiv prin sprijinul \u015fi generozitatea unor membri <\/strong>ai comunit\u0103\u0163ii noastre, <strong>f\u00e3r\u00e3 sprijin de la Guvernul Rom\u00e2niei.<\/strong><\/span><\/div>\n<div><span style=\"background-color: #ffffff; color: #000000;\">\u00a0<\/span><\/div>\n<div><span style=\"font-family: arial, helvetica, sans-serif; color: #000000; background-color: #ffffff;\">\u00a0\u00a0\u00a0\u00a0\u00a0\u00a0\u00a0\u00a0\u00a0\u00a0\u00a0 Obiectivele majore ale Comunit\u0103\u0163ii Arm\u00e2ne sunt:<\/span><\/div>\n<div style=\"text-align: left;\"><span style=\"font-family: arial, helvetica, sans-serif; color: #000000; background-color: #ffffff;\">\u2013 Ob\u0163inerea de sprijin din partea autorit\u0103\u0163ilor pentru\u00a0\u00eenv\u0103\u0163area arm\u00e2nei \u00een \u015fcoli;<\/span><\/div>\n<div><span style=\"font-family: arial, helvetica, sans-serif; color: #000000; background-color: #ffffff;\">&#8211; folosirea arm\u00e2nei \u00een biserici;<\/span><\/div>\n<div><span style=\"font-family: arial, helvetica, sans-serif; color: #000000; background-color: #ffffff;\">&#8211; acces la mijloacele de informare \u00een mas\u0103 \u015fi editarea de c\u0103r\u0163i, reviste \u015fi ziare \u00een arm\u00e2n\u0103;<\/span><\/div>\n<div><span style=\"font-family: arial, helvetica, sans-serif; color: #000000; background-color: #ffffff;\">&#8211; organizarea de congrese, simpozioane ori alte manifest\u0103ri cu caracter \u015ftiin\u0163ific, cultural, artistic privind patrimoniul spiritual al popula\u0163iei arm\u00e2ne;<\/span><\/div>\n<div><span style=\"font-family: arial, helvetica, sans-serif; color: #000000; background-color: #ffffff;\">&#8211; organizarea \u015fi \u00eenfiin\u0163area, \u00een raport de nevoile reale ale popula\u0163iei arm\u00e2ne de biblioteci, muzee, biserici, edificii cultural-artistice;<\/span><\/div>\n<div><span style=\"font-family: arial, helvetica, sans-serif; color: #000000; background-color: #ffffff;\">\u2013 Organizarea de filiale teritoriale;<\/span><\/div>\n<div><span style=\"font-family: arial, helvetica, sans-serif; color: #000000; background-color: #ffffff;\">\u2013 Atragerea \u015fi utilizarea, \u00een condi\u0163iile legii, de surse de finan\u0163are \u015fi resurse sub form\u0103 de dona\u0163ii, subven\u0163ii, sponsoriz\u0103ri, legate, subscrip\u0163ii, contribu\u0163ii, cotiza\u0163ii, precum \u015fi dezvoltarea sistemelor de sprijinire financiar\u0103 a execut\u0103rii de proiecte, administrarea fondurilor pentru derularea de programe;<\/span><\/div>\n<div><span style=\"font-family: arial, helvetica, sans-serif; color: #000000; background-color: #ffffff;\">\u2013 Editarea, tip\u0103rirea \u015fi multiplicarea publica\u0163iilor Comunit\u0103\u0163ii \u015fi sprijinirea promov\u0103rii literaturii originale arm\u00e2ne prin c\u0103r\u0163i, publica\u0163ii, presa scris\u0103 \u015fi vorbit\u0103, internet, etc.<\/span><\/div>\n<div><span style=\"background-color: #ffffff; color: #000000;\">\u00a0<\/span><\/div>\n<div><span style=\"font-family: arial, helvetica, sans-serif; color: #000000; background-color: #ffffff;\"><strong>\u00a0 \u00a0 \u00a0 Din nefericire, asocia\u0163ia Comunitatea Arm\u00e2n\u0103 din Rom\u00e2nia, este nevoit\u0103 uneori s\u0103 renun\u0163e la proiectele sale datorit\u0103 lipsei resurselor financiare (cotiza\u0163ia de membru \u015fi sponsoriz\u0103rile primite sunt insuficiente). <\/strong><\/span><\/div>\n<div><span style=\"font-family: arial, helvetica, sans-serif; color: #000000; background-color: #ffffff;\">\u00a0\u00a0\u00a0\u00a0\u00a0\u00a0\u00a0\u00a0\u00a0\u00a0\u00a0 Pentru implementarea acestor deziderate este nevoie de o surs\u0103\u00a0 de finan\u0163are puternic\u0103 (subven\u0163ii de la bugetul de stat) care, coroborat\u0103 cu ajutorul propriu al asocia\u0163iei, s\u0103 fie capabil\u0103 s\u0103 salveze universul cultural \u015fi spiritual al arm\u00e2nilor, s\u0103 promoveze valorile sale \u015fi s\u0103 sublinieze contribu\u0163ia civiliza\u0163iei arm\u00e2ne la spa\u0163iul culturii \u015fi spiritualit\u0103\u0163ii universale.<\/span><\/div>\n<div><span style=\"font-family: arial, helvetica, sans-serif; color: #000000; background-color: #ffffff;\">\u00a0\u00a0\u00a0\u00a0\u00a0\u00a0\u00a0\u00a0\u00a0\u00a0\u00a0 \u00cen speran\u0163a ca ve\u0163i \u00een\u0163elege \u00eensemn\u0103tatea activit\u0103\u0163ilor noastre apel\u0103m la sprijinul dumneavoastr\u0103 pentru proiectele noastre precum \u015fi unele sugestii \u00een privin\u0163a tipului de programe pe care dori\u0163i sa le dezvoltam in comun acord pentru supravietuirea in timp a Arm\u00e2nilor..<\/span><\/div>\n","protected":false},"excerpt":{"rendered":"<p>\u00a0 \u00a0 \u00a0 Bine ai venit pe siteul Comunit\u0103\u0163ii Arm\u00e2ne din Romania &#8211; Filiala Constan\u0163a \u00a0 \u00a0 \u00a0 \u00a0 Comunitatea Arm\u00e2n\u0103 din Rom\u00e2nia este o [&hellip;]<\/p>\n","protected":false},"author":1,"featured_media":100,"parent":0,"menu_order":1,"comment_status":"closed","ping_status":"closed","template":"","meta":{"footnotes":""},"_links":{"self":[{"href":"https:\/\/caro-ct.ro\/index.php?rest_route=\/wp\/v2\/pages\/7"}],"collection":[{"href":"https:\/\/caro-ct.ro\/index.php?rest_route=\/wp\/v2\/pages"}],"about":[{"href":"https:\/\/caro-ct.ro\/index.php?rest_route=\/wp\/v2\/types\/page"}],"author":[{"embeddable":true,"href":"https:\/\/caro-ct.ro\/index.php?rest_route=\/wp\/v2\/users\/1"}],"replies":[{"embeddable":true,"href":"https:\/\/caro-ct.ro\/index.php?rest_route=%2Fwp%2Fv2%2Fcomments&post=7"}],"version-history":[{"count":25,"href":"https:\/\/caro-ct.ro\/index.php?rest_route=\/wp\/v2\/pages\/7\/revisions"}],"predecessor-version":[{"id":225,"href":"https:\/\/caro-ct.ro\/index.php?rest_route=\/wp\/v2\/pages\/7\/revisions\/225"}],"wp:featuredmedia":[{"embeddable":true,"href":"https:\/\/caro-ct.ro\/index.php?rest_route=\/wp\/v2\/media\/100"}],"wp:attachment":[{"href":"https:\/\/caro-ct.ro\/index.php?rest_route=%2Fwp%2Fv2%2Fmedia&parent=7"}],"curies":[{"name":"wp","href":"https:\/\/api.w.org\/{rel}","templated":true}]}}