{"id":2,"date":"2017-07-23T07:32:43","date_gmt":"2017-07-23T07:32:43","guid":{"rendered":"http:\/\/caro-ct.ro\/?page_id=2"},"modified":"2017-11-10T19:00:25","modified_gmt":"2017-11-10T19:00:25","slug":"eveniment","status":"publish","type":"page","link":"https:\/\/caro-ct.ro\/?page_id=2","title":{"rendered":"EVENIMENTE"},"content":{"rendered":"<div style=\"text-align: center;\"><span style=\"font-family: arial, helvetica, sans-serif; color: #000000;\">Evenimente organizate de Comunitatea Arm\u00e2n\u0103 din Rom\u00e2nia,Filiala Constan\u0163a<\/span><\/div>\n<div><span style=\"color: #000000;\">\u00a0<\/span><\/div>\n<div><span style=\"color: #000000;\">\u00a0<\/span><\/div>\n<p class=\"watch-title-container\"><span id=\"eow-title\" class=\"watch-title\" dir=\"ltr\" style=\"font-family: arial, helvetica, sans-serif; color: #000000;\" title=\"Primuveara Armanjloru Constanta 2017\">\u00a0 \u00a0 \u00a0 \u00a0 \u00a0 \u00a0 \u00a0 \u00a0 \u00a0 \u00a0 \u00a0 \u00a0 \u00a0 \u00a0PRIMUVEARA ARMANJILOR CONSTANTA 2017<\/span><\/p>\n<p><iframe loading=\"lazy\" title=\"Primuveara Armanjloru Constanta 2017\" width=\"500\" height=\"281\" src=\"https:\/\/www.youtube.com\/embed\/FHz6ydROSuw?feature=oembed\" frameborder=\"0\" allow=\"accelerometer; autoplay; clipboard-write; encrypted-media; gyroscope; picture-in-picture; web-share\" referrerpolicy=\"strict-origin-when-cross-origin\" allowfullscreen><\/iframe><\/p>\n<p><span style=\"color: #000000; font-family: arial, helvetica, sans-serif;\">\u00a0 \u00a0 \u00a0 \u00a0 \u00a0 \u00a0 \u00a0 \u00a0 \u00a0 \u00a0 \u00a0 \u00a0 \u00a0 BALCANICA &#8211; VREAREA CANTICLUI ARMANESCU<\/span><\/p>\n<p><iframe loading=\"lazy\" title=\"BALCANICA - Veara canticlui armanescu\" width=\"500\" height=\"281\" src=\"https:\/\/www.youtube.com\/embed\/BZS7vL5YLaM?feature=oembed\" frameborder=\"0\" allow=\"accelerometer; autoplay; clipboard-write; encrypted-media; gyroscope; picture-in-picture; web-share\" referrerpolicy=\"strict-origin-when-cross-origin\" allowfullscreen><\/iframe><\/p>\n","protected":false},"excerpt":{"rendered":"<p>Evenimente organizate de Comunitatea Arm\u00e2n\u0103 din Rom\u00e2nia,Filiala Constan\u0163a \u00a0 \u00a0 \u00a0 \u00a0 \u00a0 \u00a0 \u00a0 \u00a0 \u00a0 \u00a0 \u00a0 \u00a0 \u00a0 \u00a0 \u00a0 \u00a0PRIMUVEARA ARMANJILOR [&hellip;]<\/p>\n","protected":false},"author":1,"featured_media":84,"parent":0,"menu_order":3,"comment_status":"closed","ping_status":"open","template":"","meta":{"footnotes":""},"_links":{"self":[{"href":"https:\/\/caro-ct.ro\/index.php?rest_route=\/wp\/v2\/pages\/2"}],"collection":[{"href":"https:\/\/caro-ct.ro\/index.php?rest_route=\/wp\/v2\/pages"}],"about":[{"href":"https:\/\/caro-ct.ro\/index.php?rest_route=\/wp\/v2\/types\/page"}],"author":[{"embeddable":true,"href":"https:\/\/caro-ct.ro\/index.php?rest_route=\/wp\/v2\/users\/1"}],"replies":[{"embeddable":true,"href":"https:\/\/caro-ct.ro\/index.php?rest_route=%2Fwp%2Fv2%2Fcomments&post=2"}],"version-history":[{"count":22,"href":"https:\/\/caro-ct.ro\/index.php?rest_route=\/wp\/v2\/pages\/2\/revisions"}],"predecessor-version":[{"id":223,"href":"https:\/\/caro-ct.ro\/index.php?rest_route=\/wp\/v2\/pages\/2\/revisions\/223"}],"wp:featuredmedia":[{"embeddable":true,"href":"https:\/\/caro-ct.ro\/index.php?rest_route=\/wp\/v2\/media\/84"}],"wp:attachment":[{"href":"https:\/\/caro-ct.ro\/index.php?rest_route=%2Fwp%2Fv2%2Fmedia&parent=2"}],"curies":[{"name":"wp","href":"https:\/\/api.w.org\/{rel}","templated":true}]}}